{"id":36,"date":"2025-06-19T19:16:06","date_gmt":"2025-06-19T19:16:06","guid":{"rendered":"https:\/\/sfoto.es\/?page_id=36"},"modified":"2026-03-27T21:53:18","modified_gmt":"2026-03-27T21:53:18","slug":"inicio","status":"publish","type":"page","link":"https:\/\/sfoto.es\/","title":{"rendered":"Inicio"},"content":{"rendered":"<div id=\"pl-36\"  class=\"panel-layout\" ><div id=\"pg-36-0\"  class=\"panel-grid panel-no-style\" ><div id=\"pgc-36-0-0\"  class=\"panel-grid-cell\" ><div id=\"panel-36-0-0-0\" class=\"so-panel widget widget_black-studio-tinymce widget_black_studio_tinymce panel-first-child panel-last-child\" data-index=\"0\" ><div class=\"textwidget\"><p><span class=\"\" style=\"display:block;clear:both;height: 0px;padding-top: 10px;border-top-width:0px;border-bottom-width:0px;\"><\/span><\/p>\n<p><img loading=\"lazy\" decoding=\"async\" class=\" wp-image-522 aligncenter\" src=\"https:\/\/sfoto.es\/wp-content\/uploads\/2026\/03\/3DCA6D16-47F1-4977-971B-AC1A5F1C4D7E-300x200.png\" alt=\"\" width=\"728\" height=\"485\" srcset=\"https:\/\/sfoto.es\/wp-content\/uploads\/2026\/03\/3DCA6D16-47F1-4977-971B-AC1A5F1C4D7E-300x200.png 300w, https:\/\/sfoto.es\/wp-content\/uploads\/2026\/03\/3DCA6D16-47F1-4977-971B-AC1A5F1C4D7E-1024x683.png 1024w, https:\/\/sfoto.es\/wp-content\/uploads\/2026\/03\/3DCA6D16-47F1-4977-971B-AC1A5F1C4D7E-768x512.png 768w, https:\/\/sfoto.es\/wp-content\/uploads\/2026\/03\/3DCA6D16-47F1-4977-971B-AC1A5F1C4D7E-272x182.png 272w, https:\/\/sfoto.es\/wp-content\/uploads\/2026\/03\/3DCA6D16-47F1-4977-971B-AC1A5F1C4D7E.png 1536w\" sizes=\"auto, (max-width: 728px) 100vw, 728px\" \/><\/p>\n<p class=\"p1\" style=\"text-align: center;\"><span style=\"font-family: arial black, sans-serif;\"><strong><span style=\"color: #99cc00; font-size: 14pt;\">Ayudo a marcas de comida<br \/>\nbebidas y productos a vender m\u00e1s<br \/>\ncon fotograf\u00eda estrat\u00e9gica.<\/span><\/strong><\/span><\/p>\n<p style=\"text-align: center;\"><strong>__________<\/strong><\/p>\n<p class=\"p1\" style=\"text-align: center;\"><span style=\"font-family: arial black, sans-serif;\"><strong><span style=\"color: #cc99ff; font-size: 14pt;\">I help food, beverage and<br \/>\nproduct brands sell more<br \/>\nthrough strategic photography.<\/span><\/strong><\/span><\/p>\n<p>&nbsp;<\/p>\n<p style=\"text-align: center;\"><span style=\"font-size: 12pt;\"><strong>\ud83d\udde3<span style=\"color: #ffff00; font-size: 14pt;\"> <em>Espa\u00f1ol | English | Rom\u00e2n\u0103 | Italiano<\/em><\/span><\/strong><\/span><\/p>\n<h3><\/h3>\n<p class=\"p1\" style=\"text-align: center;\"><span style=\"font-size: 14pt;\">\ud83c\udf7d Restaurants\u00a0 <\/span><span style=\"font-size: 14pt;\">\u2615 Caf\u00e9s &amp; Bakeries <\/span><\/p>\n<p class=\"p1\" style=\"text-align: center;\"><span style=\"font-size: 14pt;\">\ud83d\udc68\u200d\ud83c\udf73 Private Chefs\u00a0 <\/span><span style=\"font-size: 14pt;\">\ud83c\udff7 Food Brands<\/span><\/p>\n<p class=\"p1\" style=\"text-align: center;\"><span style=\"font-size: 14pt;\">Delivery &amp; Takeaway Businesses<\/span><\/p>\n<p>&nbsp;<\/p>\n<h3 style=\"text-align: center;\"><b>\ud83d\udcf1 <span style=\"color: #999999;\">Tel\u00e9fono \/ WhatsApp:<\/span><\/b><\/h3>\n<p style=\"text-align: center;\"><span style=\"font-size: 18pt; font-family: arial black, sans-serif;\"><strong><span style=\"color: #00ccff;\">652 05 87 40<\/span><\/strong><\/span><\/p>\n<\/div><\/div><\/div><\/div><div id=\"pg-36-1\"  class=\"panel-grid panel-no-style\" ><div id=\"pgc-36-1-0\"  class=\"panel-grid-cell\" ><div id=\"panel-36-1-0-0\" class=\"so-panel widget widget_black-studio-tinymce widget_black_studio_tinymce panel-first-child panel-last-child\" data-index=\"1\" ><div class=\"textwidget\"><p>&nbsp;<\/p>\n<p style=\"text-align: center;\"><span style=\"font-size: 14pt;\"><strong>\ud83c\udf1f<\/strong><\/span><strong><span style=\"font-size: 14pt;\">\u00a0<\/span><\/strong><\/p>\n<p style=\"text-align: center;\"><span style=\"font-size: 14pt;\">Food is emotion. <\/span><span style=\"font-size: 14pt;\">It\u2019s memory.<\/span><\/p>\n<p style=\"text-align: center;\"><span style=\"font-size: 14pt;\">It\u2019s desire.<\/span><\/p>\n<p style=\"text-align: center;\"><span style=\"font-size: 14pt;\">My job is to translate taste into powerful visual impact<\/span><\/p>\n<p style=\"text-align: center;\"><span style=\"font-size: 14pt;\"> so your customers feel hungry before they even sit down.<\/span><\/p>\n<p style=\"text-align: center;\"><strong>\u00a0<\/strong><\/p>\n<p style=\"text-align: center;\">\ud83d\udcf8 <strong>Foto Profesional | Professional Photo | Servicii foto profesionale<\/strong><\/p>\n<p>&nbsp;<\/p>\n<p style=\"text-align: center;\"><span style=\"font-size: 14pt;\"><strong>\ud83d\udecd <em>Shops &amp; Local Businesses | Tiendas &amp; Negocios | Magazine \u0219i firme locale<\/em><\/strong><\/span><\/p>\n<p>&nbsp;<\/p>\n<p style=\"text-align: center;\"><strong>\u2728 Contenido visual para redes sociales, publicidad y presentaciones.<\/strong><\/p>\n<p style=\"text-align: center;\"><strong>\u2728 Visual content that sells \u2014 created with passion and precision.<\/strong><\/p>\n<p>&nbsp;<\/p>\n<p class=\"p1\" style=\"text-align: center;\"><span style=\"font-size: 14pt;\"><span class=\"s1\">\ud83c\uddea\ud83c\uddf8 <\/span><b>Fotograf\u00eda Gastron\u00f3mica<\/b><\/span><\/p>\n<p class=\"p1\" style=\"text-align: center;\"><span style=\"font-size: 14pt;\"><span class=\"s1\">\ud83c\uddec\ud83c\udde7 <\/span><b>Food Photography<\/b><\/span><\/p>\n<p style=\"text-align: center;\"><span style=\"font-size: 14pt;\"><span class=\"s1\">\ud83c\uddee\ud83c\uddf9 <\/span><b>Fotografia Gastronomica<\/b><\/span><\/p>\n<p class=\"p1\" style=\"text-align: center;\"><span style=\"font-size: 14pt;\"><span class=\"s1\">\ud83c\uddf7\ud83c\uddf4 <\/span><b>Fotografie Culinar\u0103<\/b><\/span><\/p>\n<p>&nbsp;<\/p>\n<p style=\"text-align: center;\">\ud83d\udccd <em>M\u00e1laga, Espa\u00f1a<\/em><br \/>\n\ud83c\udf10 <a href=\"https:\/\/sfoto.es\">www.sfoto.es<\/a><br \/>\n\ud83d\udcde <em>672 11 94 55<\/em><br \/>\n<span style=\"font-size: 14pt; color: #ffcc00;\"><strong><em>Espa\u00f1ol | English | Rom\u00e2n\u0103 | Italiano<\/em><\/strong><\/span><\/p>\n<p style=\"text-align: center;\">\ud83d\udcac<\/p>\n<p>&nbsp;<\/p>\n<p class=\"p4\" style=\"text-align: center;\"><span class=\"s3\">\ud83d\udccd <\/span><span style=\"font-size: 18pt;\"><b><span style=\"font-size: 24pt;\">M\u00e1laga<\/span>, Espa\u00f1a<\/b><\/span><\/p>\n<\/div><\/div><\/div><\/div><\/div>","protected":false},"excerpt":{"rendered":"<p>Ayudo a marcas de comida bebidas y productos a vender m\u00e1s con fotograf\u00eda estrat\u00e9gica. __________ I help food, beverage and product brands sell more through strategic photography. &nbsp; \ud83d\udde3 Espa\u00f1ol | English | Rom\u00e2n\u0103 | Italiano \ud83c\udf7d Restaurants\u00a0 \u2615 Caf\u00e9s &amp; Bakeries \ud83d\udc68\u200d\ud83c\udf73 Private Chefs\u00a0 \ud83c\udff7 Food Brands Delivery &amp; Takeaway Businesses &nbsp; \ud83d\udcf1 Tel\u00e9fono <a class=\"moretag\" href=\"https:\/\/sfoto.es\/\">Read More &#8230;<\/a><\/p>\n","protected":false},"author":1,"featured_media":0,"parent":0,"menu_order":0,"comment_status":"closed","ping_status":"closed","template":"full-width-page.php","meta":{"footnotes":""},"class_list":["post-36","page","type-page","status-publish","hentry"],"_links":{"self":[{"href":"https:\/\/sfoto.es\/index.php\/wp-json\/wp\/v2\/pages\/36","targetHints":{"allow":["GET"]}}],"collection":[{"href":"https:\/\/sfoto.es\/index.php\/wp-json\/wp\/v2\/pages"}],"about":[{"href":"https:\/\/sfoto.es\/index.php\/wp-json\/wp\/v2\/types\/page"}],"author":[{"embeddable":true,"href":"https:\/\/sfoto.es\/index.php\/wp-json\/wp\/v2\/users\/1"}],"replies":[{"embeddable":true,"href":"https:\/\/sfoto.es\/index.php\/wp-json\/wp\/v2\/comments?post=36"}],"version-history":[{"count":174,"href":"https:\/\/sfoto.es\/index.php\/wp-json\/wp\/v2\/pages\/36\/revisions"}],"predecessor-version":[{"id":526,"href":"https:\/\/sfoto.es\/index.php\/wp-json\/wp\/v2\/pages\/36\/revisions\/526"}],"wp:attachment":[{"href":"https:\/\/sfoto.es\/index.php\/wp-json\/wp\/v2\/media?parent=36"}],"curies":[{"name":"wp","href":"https:\/\/api.w.org\/{rel}","templated":true}]}}